{"id":919,"date":"2023-12-12T16:52:41","date_gmt":"2023-12-12T21:52:41","guid":{"rendered":"https:\/\/sopfim.turbuweb.com\/sinformer-sur-la-lutte-contre-les-insectes-ravageurs\/"},"modified":"2024-01-24T13:17:29","modified_gmt":"2024-01-24T18:17:29","slug":"information-fight-against-pest-insects","status":"publish","type":"page","link":"https:\/\/sopfim.qc.ca\/en\/information-fight-against-pest-insects\/","title":{"rendered":"Learn About"},"content":{"rendered":"<div class=\"acf-sopfim-en-tete-page alignwide bloc-en-tetes bloc-en-tete-de-page-fine min-h-[50vh] relative overflow-hidden\" id=\"sopfimentetepage_1\">\n\n    <!-- items-end items-start items-center text-left text-center text-right -->\n\n    \n        <img decoding=\"async\" src=\"https:\/\/sopfim.qc.ca\/app\/uploads\/2023\/12\/avions-en-serie.jpg\" alt=\"SOPFIM\" class=\"absolute inset-0 object-cover w-full h-full\">\n\n        \n    \n    \n        <div class=\"bg-vertForet\/70 absolute inset-0\"><\/div>\n    \n        <div class=\"lignes_jaunes fixed top-0 bottom-0 left-3\/4 sm:left-2\/4 md:left-1\/4 flex flex-col justify-center items-center h-full w-full transform -rotate-45 opacity-70\">\n         <div class=\"ligne bg-jauneSoleil h-[1px]  mb-[30px]\" style=\"width: 0px;\"><!-- w-[3000px] mb-[30px] mb-[35px] -->\n    <\/div>\n     <div class=\"ligne bg-jauneSoleil h-[1px]  mb-[30px]\" style=\"width: 0px;\"><!-- w-[3000px] mb-[30px] mb-[35px] -->\n    <\/div>\n     <div class=\"ligne bg-jauneSoleil h-[1px]  mb-[30px]\" style=\"width: 0px;\"><!-- w-[3000px] mb-[30px] mb-[35px] -->\n    <\/div>\n     <div class=\"ligne bg-jauneSoleil h-[1px]  mb-[30px]\" style=\"width: 0px;\"><!-- w-[3000px] mb-[30px] mb-[35px] -->\n    <\/div>\n     <div class=\"ligne bg-jauneSoleil h-[1px]  mb-[30px]\" style=\"width: 0px;\"><!-- w-[3000px] mb-[30px] mb-[35px] -->\n    <\/div>\n     <div class=\"ligne bg-jauneSoleil h-[1px]  mb-[30px]\" style=\"width: 0px;\"><!-- w-[3000px] mb-[30px] mb-[35px] -->\n    <\/div>\n     <div class=\"ligne bg-jauneSoleil h-[1px]  mb-[30px]\" style=\"width: 0px;\"><!-- w-[3000px] mb-[30px] mb-[35px] -->\n    <\/div>\n     <div class=\"ligne bg-jauneSoleil h-[1px]  mb-[30px]\" style=\"width: 0px;\"><!-- w-[3000px] mb-[30px] mb-[35px] -->\n    <\/div>\n     <div class=\"ligne bg-jauneSoleil h-[1px]  mb-[30px]\" style=\"width: 0px;\"><!-- w-[3000px] mb-[30px] mb-[35px] -->\n    <\/div>\n     <div class=\"ligne bg-jauneSoleil h-[1px]  mb-[30px]\" style=\"width: 0px;\"><!-- w-[3000px] mb-[30px] mb-[35px] -->\n    <\/div>\n     <div class=\"ligne bg-jauneSoleil h-[1px]  mb-[30px]\" style=\"width: 0px;\"><!-- w-[3000px] mb-[30px] mb-[35px] -->\n    <\/div>\n     <div class=\"ligne bg-jauneSoleil h-[1px]  mb-[30px]\" style=\"width: 0px;\"><!-- w-[3000px] mb-[30px] mb-[35px] -->\n    <\/div>\n     <div class=\"ligne bg-jauneSoleil h-[1px]  mb-[30px]\" style=\"width: 0px;\"><!-- w-[3000px] mb-[30px] mb-[35px] -->\n    <\/div>\n     <div class=\"ligne bg-jauneSoleil h-[1px]  mb-[30px]\" style=\"width: 0px;\"><!-- w-[3000px] mb-[30px] mb-[35px] -->\n    <\/div>\n     <div class=\"ligne bg-jauneSoleil h-[1px]  mb-[30px]\" style=\"width: 0px;\"><!-- w-[3000px] mb-[30px] mb-[35px] -->\n    <\/div>\n     <div class=\"ligne bg-jauneSoleil h-[1px]  mb-[30px]\" style=\"width: 0px;\"><!-- w-[3000px] mb-[30px] mb-[35px] -->\n    <\/div>\n     <div class=\"ligne bg-jauneSoleil h-[1px]  mb-[30px]\" style=\"width: 0px;\"><!-- w-[3000px] mb-[30px] mb-[35px] -->\n    <\/div>\n    <\/div>\n\n<div class=\"relative h-full w-full flex justify-center items-center min-h-[50vh] flex flex-col mt-16 mx-auto container px-5\">\n    <h1 class=\"text-4xl no-animation md:text-5xl lg:text-6xl text-jauneSoleil anton mb-10  text-center  !leading-snug sm:px-10 md:px-16\">Learn About<\/h1>\n    \n<\/div>\n\n<\/div>\n\n<div class=\"bloc-image-gauche-droite acf-sopfim-image-gauche-droite alignwide pt-8 sm:pt-16  relative\" id=\"\">\n        <div class=\"bg-white absolute inset-0 w-full h-full\"><\/div>\n    \n    <div class=\"container mx-auto flex flex-col md:flex-row w-full relative\">\n\n        <div class=\"images w-full md:w-1\/2 !order-last md:order-first mt-10 md:mt-0\">\n\n            \n            \n                <!-- Affichage simple pour une image unique -->\n                                                            \n                        <div class=\"relative overflow-hidden w-full h-full aspect-[16\/9]\">\n                            <img decoding=\"async\" src=\"https:\/\/sopfim.qc.ca\/app\/uploads\/2023\/12\/tbe-1.png\" alt=\"tordeuse-bourgeons-epinette-branche-sopfim\" class=\"absolute inset-0 object-cover h-full w-full \">\n                        <\/div>\n                                    \n            \n            \n        <\/div>\n\n        <div class=\"content w-full md:w-1\/2  pb-8 sm:pb-16  order-first md:order-first md:pr-10 flex flex-col justify-center px-5\">\n\n                        <h2 class=\"h2 text-vertForet pb-2 tracking-wide\">What is the spruce budworm?<\/h2>\n            \n            \n                        <div class=\"content text-black pt-6 oswald\"><p>The spruce budworm (SBW) is the most destructive insect of conifer stands in North America. In Quebec, the spruce budworm mainly consumes the annual foliage of the balsam fir, the white spruce and, to a lesser extent, the red spruce and black spruce.<\/p>\n<\/div>\n            \n                        <div class=\"ctas-container\">\n                                <div class=\"ctas flex mt-7\">\n                    <a href=\"https:\/\/sopfim.qc.ca\/en\/information-fight-against-pest-insects\/spruce-budworm\/\"  class=\"cta-button inverse\">Learn More<\/a>\n                <\/div>\n                            <\/div>\n            \n        <\/div>\n    <\/div>\n<\/div>\n\n<div class=\"bloc-image-gauche-droite acf-sopfim-image-gauche-droite alignwide  pb-8 sm:pb-16 relative\" id=\"\">\n        <div class=\"bg-white absolute inset-0 w-full h-full\"><\/div>\n    \n    <div class=\"container mx-auto flex flex-col md:flex-row w-full relative\">\n\n        <div class=\"images w-full md:w-1\/2 !order-last md:order-first mt-10 md:mt-0\">\n\n            \n            \n                <!-- Affichage simple pour une image unique -->\n                                                            \n                        <div class=\"relative overflow-hidden w-full h-full text-center\">\n                            <img decoding=\"async\" src=\"https:\/\/sopfim.qc.ca\/app\/uploads\/2023\/12\/btk.jpg\" alt=\"insecticide_btk-preparation-sopfim\" class=\"h-auto w-full inline-block \">\n                        <\/div>\n                                    \n            \n            \n        <\/div>\n\n        <div class=\"content w-full md:w-1\/2 pt-8 sm:pt-16   order-first md:order-last md:pl-10 flex flex-col justify-center px-5\">\n\n                        <h2 class=\"h2 text-vertForet pb-2 tracking-wide\">The <em>Bacillus thuringiensis<\/em> var. kurstaki (<em>Btk<\/em> )<\/h2>\n            \n            \n                        <div class=\"content text-black pt-6 oswald\"><p><em>Btk<\/em> is a bacterium naturally present in soil, water and vegetation. This bacterium was isolated from the soil for use as a biological insecticide. Its insecticidal power comes from the fact that during its growth cycle, the bacterium produces spores and crystals that are, after ingestion, transformed into a toxin. This process only has an effect on insects of the lepidopteran family. A quantity in the order of 1.5 liters per hectare is sprayed on precisely targeted forests. Registered by Health Canada, <em>Btk<\/em> Biological Insecticide is recognized worldwide for its safety towards non-target species.<\/p>\n<\/div>\n            \n                        <div class=\"ctas-container\">\n                                <div class=\"ctas flex mt-7\">\n                    <a href=\"https:\/\/sopfim.qc.ca\/en\/information-fight-against-pest-insects\/btk-insecticide\/\"  class=\"cta-button inverse\">Learn More<\/a>\n                <\/div>\n                            <\/div>\n            \n        <\/div>\n    <\/div>\n<\/div>\n\n<!-- bg-jauneSoleil bg-vertForet bg-jauneVif bg-orange bg-white md:pb-16 md:pt-16 -->\n\n<div class=\"bloc-une-colonne bg-cover relative bg-center\" style=\"background-image: url(https:\/\/sopfim.qc.ca\/app\/uploads\/2023\/12\/foret-background.jpg)\" id=\"\">\n    <div class=\"pb-8 md:pb-16 pt-8 md:pt-16 bg-jauneSoleil bg-opacity-70 px-5\">\n        <div class=\"container mx-auto\">\n                        <!-- La condition li\u00e9 \u00e0 \"isUsedBySingleEmploiTemplate\" dans les classes du h2 fait en sorte de mettre un vert plus clair sur le titre au cas o\u00f9 le bloc serait utilis\u00e9 sur le single-emplois.php via un include -->\n            <h2 class=\"h2 pb-7 font-bold  text-left sm:text-center text-vertForet   \">\n                News Releases and Documentation\n            <\/h2>\n            \n            <!-- sm:text-center -->\n\n            \n                        <div class=\"text-content text-left sm:text-center text-white\">\n                <p>Keep up to date with SOPFIM&#8217;s activities and the current epidemic by consulting the &#8220;Press releases and documentation&#8221; section.<\/p>\n\n            <\/div>\n            \n                        <div class=\"text-left sm:text-center pt-10\">\n                <a href=\"https:\/\/sopfim.qc.ca\/en\/information-fight-against-pest-insects\/documents\/\" class=\"cta-button inverse\">\n                    View the documents\n                <\/a>\n            <\/div>\n                    <\/div>\n    <\/div>\n<\/div>\n\n<div class=\"acf-sopfim-faq alignwide bloc-faq relative overflow-hidden\" id=\"\">\n\n    \n    <div class=\"bg-white absolute inset-0 object-cover w-full h-full \"><\/div>\n\n    <div class=\"pt-8 md:pt-16 pb-8 md:pb-16\">\n\n        <div class=\"container mx-auto relative text-vertForet px-5\">\n\n                        <h2 class=\"h2 mb-10 text-vertForet text-left\">Find Answers to your Questions<\/h2>\n            \n            \n\n            <div class=\"faqContent relative mt-12\">\n\n                \n                <div class=\"qr-item content cursor-pointer mb-3 text-black text-base md:text-lg py-3 text-vertForet\">\n                    <div class=\"question flex justify-between items-center border-b-2 pb-2 border-vertForet\">\n                        <span class=\"text-vertForet text-lg font-semibold md:text-1xl\"><p>What are the regions affected by the spruce budworm epidemic?<\/p>\n<\/span>\n                        <span class=\"toggleAction\">\n                            <span class=\"open transition-all py-1 ml-4 text-xl text-vertForet\">+<\/span>\n                            <span class=\"close transition-all hidden py-1 ml-4 text-xl text-vertForet\">&#8211;<\/span>\n                        <\/span>\n                    <\/div>\n                    <div class=\"reponse pt-6 pb-5 hidden\">\n                        <div class=\"text-black\"><p>The regions of Quebec currently affected by the epidemic are Bas-Saint-Laurent, Saguenay\u2013Lac-Saint-Jean, Capitale-Nationale, Abitibi-T\u00e9miscamingue, C\u00f4te-Nord, Gasp\u00e9sie\u2013\u00celes-de-la-Madeleine, Chaudi\u00e8re-Appalaches and Outaouais.<\/p>\n<\/div>\n                    <\/div>\n                <\/div>\n\n                \n                <div class=\"qr-item content cursor-pointer mb-3 text-black text-base md:text-lg py-3 text-vertForet\">\n                    <div class=\"question flex justify-between items-center border-b-2 pb-2 border-vertForet\">\n                        <span class=\"text-vertForet text-lg font-semibold md:text-1xl\"><p>Which tree species are most vulnerable to the SBW?<\/p>\n<\/span>\n                        <span class=\"toggleAction\">\n                            <span class=\"open transition-all py-1 ml-4 text-xl text-vertForet\">+<\/span>\n                            <span class=\"close transition-all hidden py-1 ml-4 text-xl text-vertForet\">&#8211;<\/span>\n                        <\/span>\n                    <\/div>\n                    <div class=\"reponse pt-6 pb-5 hidden\">\n                        <div class=\"text-black\"><p>Balsam fir is the species most vulnerable to the SBW. Next comes the white spruce, red spruce and black spruce. The Norway spruce is also vulnerable to SBW, but this is less well documented. SBW larvae can also be found on other tree species, such as larches. Hardwoods and pines are not affected by this insect.<\/p>\n<\/div>\n                    <\/div>\n                <\/div>\n\n                \n                <div class=\"qr-item content cursor-pointer mb-3 text-black text-base md:text-lg py-3 text-vertForet\">\n                    <div class=\"question flex justify-between items-center border-b-2 pb-2 border-vertForet\">\n                        <span class=\"text-vertForet text-lg font-semibold md:text-1xl\"><p>When do aerial sprays occur?<\/p>\n<\/span>\n                        <span class=\"toggleAction\">\n                            <span class=\"open transition-all py-1 ml-4 text-xl text-vertForet\">+<\/span>\n                            <span class=\"close transition-all hidden py-1 ml-4 text-xl text-vertForet\">&#8211;<\/span>\n                        <\/span>\n                    <\/div>\n                    <div class=\"reponse pt-6 pb-5 hidden\">\n                        <div class=\"text-black\"><p>Aerial spraying against the SBW epidemic occurs between late May and early July. The periods of operation, meaning the periods when spraying is carried out, are in the morning (between 4 a.m. and 9 a.m.) and in the evening (between 6 p.m. and 9:30 p.m.), every day (7 days a week) if the weather is favourable to spraying.<\/p>\n<\/div>\n                    <\/div>\n                <\/div>\n\n                \n                <div class=\"qr-item content cursor-pointer mb-3 text-black text-base md:text-lg py-3 text-vertForet\">\n                    <div class=\"question flex justify-between items-center border-b-2 pb-2 border-vertForet\">\n                        <span class=\"text-vertForet text-lg font-semibold md:text-1xl\"><p>How long will the current epidemic last?<\/p>\n<\/span>\n                        <span class=\"toggleAction\">\n                            <span class=\"open transition-all py-1 ml-4 text-xl text-vertForet\">+<\/span>\n                            <span class=\"close transition-all hidden py-1 ml-4 text-xl text-vertForet\">&#8211;<\/span>\n                        <\/span>\n                    <\/div>\n                    <div class=\"reponse pt-6 pb-5 hidden\">\n                        <div class=\"text-black\"><p>On average, if we observe the evolution of previous epidemics, a SBW epidemic lasts from 15 to 20 years in the same area. On the other hand, aerial spraying lasts around 10 to 15 years in the same region.<\/p>\n<\/div>\n                    <\/div>\n                <\/div>\n\n                \n            <\/div>\n\n                        <div class=\"ctas-container flex justify-center mt-10\">\n                <a href=\"https:\/\/sopfim.qc.ca\/en\/information-fight-against-pest-insects\/faq\/\"  class=\"cta-button inverse\">FAQ<\/a>\n            <\/div>\n            \n        <\/div>\n\n    <\/div>\n\n<\/div>","protected":false},"excerpt":{"rendered":"","protected":false},"author":1,"featured_media":0,"parent":0,"menu_order":0,"comment_status":"closed","ping_status":"closed","template":"","meta":{"_acf_changed":false,"footnotes":""},"class_list":["post-919","page","type-page","status-publish","hentry"],"acf":[],"yoast_head":"<!-- This site is optimized with the Yoast SEO plugin v26.2 - https:\/\/yoast.com\/wordpress\/plugins\/seo\/ -->\n<title>Learn About the Fight Against Pest Insects - SOPFIM<\/title>\n<meta name=\"description\" content=\"Get informed about harmful insects, a threat to forests in Quebec.\" \/>\n<meta name=\"robots\" content=\"index, follow, max-snippet:-1, max-image-preview:large, max-video-preview:-1\" \/>\n<link rel=\"canonical\" href=\"https:\/\/sopfim.qc.ca\/en\/information-fight-against-pest-insects\/\" \/>\n<meta property=\"og:locale\" content=\"en_US\" \/>\n<meta property=\"og:type\" content=\"article\" \/>\n<meta property=\"og:title\" content=\"Learn About the Fight Against Pest Insects - SOPFIM\" \/>\n<meta property=\"og:description\" content=\"Get informed about harmful insects, a threat to forests in Quebec.\" \/>\n<meta property=\"og:url\" content=\"https:\/\/sopfim.qc.ca\/en\/information-fight-against-pest-insects\/\" \/>\n<meta property=\"og:site_name\" content=\"SOPFIM\" \/>\n<meta property=\"article:modified_time\" content=\"2024-01-24T18:17:29+00:00\" \/>\n<meta property=\"og:image\" content=\"https:\/\/sopfim.qc.ca\/app\/uploads\/2023\/12\/avions-en-serie.jpg\" \/>\n\t<meta property=\"og:image:width\" content=\"1854\" \/>\n\t<meta property=\"og:image:height\" content=\"1259\" \/>\n\t<meta property=\"og:image:type\" content=\"image\/jpeg\" \/>\n<meta name=\"twitter:card\" content=\"summary_large_image\" \/>\n<script type=\"application\/ld+json\" class=\"yoast-schema-graph\">{\"@context\":\"https:\/\/schema.org\",\"@graph\":[{\"@type\":\"WebPage\",\"@id\":\"https:\/\/sopfim.qc.ca\/en\/information-fight-against-pest-insects\/\",\"url\":\"https:\/\/sopfim.qc.ca\/en\/information-fight-against-pest-insects\/\",\"name\":\"Learn About the Fight Against Pest Insects - SOPFIM\",\"isPartOf\":{\"@id\":\"https:\/\/sopfim.qc.ca\/#website\"},\"datePublished\":\"2023-12-12T21:52:41+00:00\",\"dateModified\":\"2024-01-24T18:17:29+00:00\",\"description\":\"Get informed about harmful insects, a threat to forests in Quebec.\",\"breadcrumb\":{\"@id\":\"https:\/\/sopfim.qc.ca\/en\/information-fight-against-pest-insects\/#breadcrumb\"},\"inLanguage\":\"en-US\",\"potentialAction\":[{\"@type\":\"ReadAction\",\"target\":[\"https:\/\/sopfim.qc.ca\/en\/information-fight-against-pest-insects\/\"]}]},{\"@type\":\"BreadcrumbList\",\"@id\":\"https:\/\/sopfim.qc.ca\/en\/information-fight-against-pest-insects\/#breadcrumb\",\"itemListElement\":[{\"@type\":\"ListItem\",\"position\":1,\"name\":\"Home\",\"item\":\"https:\/\/sopfim.qc.ca\/en\/\"},{\"@type\":\"ListItem\",\"position\":2,\"name\":\"Learn About\"}]},{\"@type\":\"WebSite\",\"@id\":\"https:\/\/sopfim.qc.ca\/#website\",\"url\":\"https:\/\/sopfim.qc.ca\/\",\"name\":\"SOPFIM\",\"description\":\"\",\"publisher\":{\"@id\":\"https:\/\/sopfim.qc.ca\/#organization\"},\"potentialAction\":[{\"@type\":\"SearchAction\",\"target\":{\"@type\":\"EntryPoint\",\"urlTemplate\":\"https:\/\/sopfim.qc.ca\/?s={search_term_string}\"},\"query-input\":{\"@type\":\"PropertyValueSpecification\",\"valueRequired\":true,\"valueName\":\"search_term_string\"}}],\"inLanguage\":\"en-US\"},{\"@type\":\"Organization\",\"@id\":\"https:\/\/sopfim.qc.ca\/#organization\",\"name\":\"Sopfim\",\"url\":\"https:\/\/sopfim.qc.ca\/\",\"logo\":{\"@type\":\"ImageObject\",\"inLanguage\":\"en-US\",\"@id\":\"https:\/\/sopfim.qc.ca\/#\/schema\/logo\/image\/\",\"url\":\"https:\/\/sopfim.qc.ca\/app\/uploads\/2023\/12\/Logo-SOPFIM-Google-696.png\",\"contentUrl\":\"https:\/\/sopfim.qc.ca\/app\/uploads\/2023\/12\/Logo-SOPFIM-Google-696.png\",\"width\":696,\"height\":696,\"caption\":\"Sopfim\"},\"image\":{\"@id\":\"https:\/\/sopfim.qc.ca\/#\/schema\/logo\/image\/\"}}]}<\/script>\n<!-- \/ Yoast SEO plugin. -->","yoast_head_json":{"title":"Learn About the Fight Against Pest Insects - SOPFIM","description":"Get informed about harmful insects, a threat to forests in Quebec.","robots":{"index":"index","follow":"follow","max-snippet":"max-snippet:-1","max-image-preview":"max-image-preview:large","max-video-preview":"max-video-preview:-1"},"canonical":"https:\/\/sopfim.qc.ca\/en\/information-fight-against-pest-insects\/","og_locale":"en_US","og_type":"article","og_title":"Learn About the Fight Against Pest Insects - SOPFIM","og_description":"Get informed about harmful insects, a threat to forests in Quebec.","og_url":"https:\/\/sopfim.qc.ca\/en\/information-fight-against-pest-insects\/","og_site_name":"SOPFIM","article_modified_time":"2024-01-24T18:17:29+00:00","og_image":[{"width":1854,"height":1259,"url":"https:\/\/sopfim.qc.ca\/app\/uploads\/2023\/12\/avions-en-serie.jpg","type":"image\/jpeg"}],"twitter_card":"summary_large_image","schema":{"@context":"https:\/\/schema.org","@graph":[{"@type":"WebPage","@id":"https:\/\/sopfim.qc.ca\/en\/information-fight-against-pest-insects\/","url":"https:\/\/sopfim.qc.ca\/en\/information-fight-against-pest-insects\/","name":"Learn About the Fight Against Pest Insects - SOPFIM","isPartOf":{"@id":"https:\/\/sopfim.qc.ca\/#website"},"datePublished":"2023-12-12T21:52:41+00:00","dateModified":"2024-01-24T18:17:29+00:00","description":"Get informed about harmful insects, a threat to forests in Quebec.","breadcrumb":{"@id":"https:\/\/sopfim.qc.ca\/en\/information-fight-against-pest-insects\/#breadcrumb"},"inLanguage":"en-US","potentialAction":[{"@type":"ReadAction","target":["https:\/\/sopfim.qc.ca\/en\/information-fight-against-pest-insects\/"]}]},{"@type":"BreadcrumbList","@id":"https:\/\/sopfim.qc.ca\/en\/information-fight-against-pest-insects\/#breadcrumb","itemListElement":[{"@type":"ListItem","position":1,"name":"Home","item":"https:\/\/sopfim.qc.ca\/en\/"},{"@type":"ListItem","position":2,"name":"Learn About"}]},{"@type":"WebSite","@id":"https:\/\/sopfim.qc.ca\/#website","url":"https:\/\/sopfim.qc.ca\/","name":"SOPFIM","description":"","publisher":{"@id":"https:\/\/sopfim.qc.ca\/#organization"},"potentialAction":[{"@type":"SearchAction","target":{"@type":"EntryPoint","urlTemplate":"https:\/\/sopfim.qc.ca\/?s={search_term_string}"},"query-input":{"@type":"PropertyValueSpecification","valueRequired":true,"valueName":"search_term_string"}}],"inLanguage":"en-US"},{"@type":"Organization","@id":"https:\/\/sopfim.qc.ca\/#organization","name":"Sopfim","url":"https:\/\/sopfim.qc.ca\/","logo":{"@type":"ImageObject","inLanguage":"en-US","@id":"https:\/\/sopfim.qc.ca\/#\/schema\/logo\/image\/","url":"https:\/\/sopfim.qc.ca\/app\/uploads\/2023\/12\/Logo-SOPFIM-Google-696.png","contentUrl":"https:\/\/sopfim.qc.ca\/app\/uploads\/2023\/12\/Logo-SOPFIM-Google-696.png","width":696,"height":696,"caption":"Sopfim"},"image":{"@id":"https:\/\/sopfim.qc.ca\/#\/schema\/logo\/image\/"}}]}},"_links":{"self":[{"href":"https:\/\/sopfim.qc.ca\/en\/wp-json\/wp\/v2\/pages\/919","targetHints":{"allow":["GET"]}}],"collection":[{"href":"https:\/\/sopfim.qc.ca\/en\/wp-json\/wp\/v2\/pages"}],"about":[{"href":"https:\/\/sopfim.qc.ca\/en\/wp-json\/wp\/v2\/types\/page"}],"author":[{"embeddable":true,"href":"https:\/\/sopfim.qc.ca\/en\/wp-json\/wp\/v2\/users\/1"}],"replies":[{"embeddable":true,"href":"https:\/\/sopfim.qc.ca\/en\/wp-json\/wp\/v2\/comments?post=919"}],"version-history":[{"count":19,"href":"https:\/\/sopfim.qc.ca\/en\/wp-json\/wp\/v2\/pages\/919\/revisions"}],"predecessor-version":[{"id":1564,"href":"https:\/\/sopfim.qc.ca\/en\/wp-json\/wp\/v2\/pages\/919\/revisions\/1564"}],"wp:attachment":[{"href":"https:\/\/sopfim.qc.ca\/en\/wp-json\/wp\/v2\/media?parent=919"}],"curies":[{"name":"wp","href":"https:\/\/api.w.org\/{rel}","templated":true}]}}